{"id":68,"date":"2021-02-14T21:22:12","date_gmt":"2021-02-14T21:22:12","guid":{"rendered":"https:\/\/crmopti.gouv.ml\/?page_id=68"},"modified":"2025-11-07T23:20:52","modified_gmt":"2025-11-07T23:20:52","slug":"conseil-regional-de-mopti","status":"publish","type":"page","link":"https:\/\/crmopti.gouv.ml\/?page_id=68","title":{"rendered":"Conseil R\u00e9gional de Mopti"},"content":{"rendered":"\n<h2 class=\"wp-block-heading\">Conseil R\u00e9gional de Mopti<\/h2>\n\n\n\n<h3 class=\"wp-block-heading\">Une Equipe &#8211; Une Vision &#8211; Un Objectif<\/h3>\n\n\n\n<p>&nbsp;&nbsp;&nbsp;&nbsp;&nbsp;&nbsp;&nbsp;&nbsp;&nbsp;&nbsp;&nbsp;&nbsp;&nbsp;&nbsp;&nbsp;&nbsp;&nbsp;&nbsp;&nbsp;&nbsp;En effet par la voix de son pr\u00e9sident, le Conseil R\u00e9gional de Mopti s\u2019engage \u00e0&nbsp;:<\/p>\n\n\n\n<p>\u00ab&nbsp;Construire une r\u00e9gion paisible, s\u00e9curis\u00e9e au plan alimentaire, enti\u00e8rement d\u00e9senclav\u00e9e, industrialis\u00e9e et int\u00e9gr\u00e9e dans la sous-r\u00e9gion dont l\u2019\u00e9levage constitue le socle de l\u2019\u00e9conomie, s\u2019appuyant sur une agriculture et une p\u00eache performantes dans un environnement durable&nbsp;\u00bb.<\/p>\n\n\n\n<p>Le CRM a la volont\u00e9 de faire de Mopti une r\u00e9gion solidaire, comp\u00e9titive et attractive pour ses habitants et investisseurs.<\/p>\n\n\n\n<p>Comp\u00e9titive et attractive car nous souhaitons prendre toute notre part dans l\u2019am\u00e9lioration des conditions de vie des habitants de la r\u00e9gion de Mopti. Ainsi, la croissance et la diversification de la production locale, la protection de l\u2019environnement, l\u2019accueil des entreprises, l&rsquo;accueil des touristes et des investisseurs, le d\u00e9veloppement de la formation professionnelle sont autant d\u2019actions destin\u00e9es \u00e0 renforcer le dynamisme \u00e9conomique de la r\u00e9gion, sans lequel le d\u00e9veloppent social ne sera pas possible.<\/p>\n\n\n\n<p>Le renforcement de l\u2019entreprenariat et du tissu industriel dans la r\u00e9gion doit permettre de valoriser les productions locales tout en diminuant le ch\u00f4mage des jeunes sur place et en augmentant les revenus des populations de la r\u00e9gion.<\/p>\n\n\n\n<p>Le Conseil R\u00e9gional de Mopti opte pour des projets ambitieux pour son territoire. Ils s\u2019inscrivent dans le cadre de la strat\u00e9gie de d\u00e9veloppement Economique R\u00e9ginal r\u00e9pondant aux pr\u00e9occupations majeures de d\u00e9veloppement \u00e9conomique des populations.<\/p>\n\n\n\n<p>Ces projets ont fait l\u2019objet d\u2019\u00e9tudes de faisabilit\u00e9s afin de doter la r\u00e9gion d\u2019un plan d\u2019investissement r\u00e9gional. Leur r\u00e9alisation constitue un r\u00e9el espoir de d\u00e9veloppement durable.<\/p>\n\n\n\n<p>Le conseil r\u00e9gional de Mopti invite l\u2019ensemble des investisseurs et partenaires au d\u00e9veloppement \u00e0 soutenir la r\u00e9alisation de son plan d\u2019investissement.<\/p>\n\n\n\n<p>Au nom du Conseil R\u00e9gional de Mopti nous&nbsp; remercions l\u2019ensemble des acteurs techniques et financiers qui nous accompagnent dans notre plan de d\u00e9veloppement \u00e9conomique r\u00e9gional.<\/p>\n\n\n\n<hr class=\"wp-block-separator has-css-opacity\"\/>\n\n\n\n<h2 class=\"wp-block-heading\">Organigramme<\/h2>\n\n\n\n<figure class=\"wp-block-image size-large\"><a href=\"https:\/\/crmopti.gouv.ml\/wp-content\/uploads\/2021\/09\/20210913_162409-scaled.jpg\"><img decoding=\"async\" src=\"https:\/\/crmopti.gouv.ml\/wp-content\/uploads\/2021\/09\/20210913_162409-1024x768.jpg\" alt=\"\" class=\"wp-image-600\"\/><\/a><figcaption class=\"wp-element-caption\">Organigramme<\/figcaption><\/figure>\n\n\n<div class=\"wp-block-image\">\n<figure class=\"aligncenter size-full\"><a href=\"https:\/\/crmopti.gouv.ml\/wp-content\/uploads\/2025\/10\/Riy.webp\"><img fetchpriority=\"high\" decoding=\"async\" width=\"471\" height=\"369\" src=\"https:\/\/crmopti.gouv.ml\/wp-content\/uploads\/2025\/10\/Riy.webp\" alt=\"\" class=\"wp-image-2478\" srcset=\"https:\/\/crmopti.gouv.ml\/wp-content\/uploads\/2025\/10\/Riy.webp 471w, https:\/\/crmopti.gouv.ml\/wp-content\/uploads\/2025\/10\/Riy-300x235.webp 300w\" sizes=\"(max-width: 471px) 100vw, 471px\" \/><\/a><figcaption class=\"wp-element-caption\">Logo du CRM<\/figcaption><\/figure><\/div>\n\n\n<p>Not<a href=\"https:\/\/www.facebook.com\/CRMOPTI\">re page facebook<\/a><\/p>\n","protected":false},"excerpt":{"rendered":"<p>Conseil R\u00e9gional de Mopti Une Equipe &#8211; Une Vision &#8211; Un Objectif &nbsp;&nbsp;&nbsp;&nbsp;&nbsp;&nbsp;&nbsp;&nbsp;&nbsp;&nbsp;&nbsp;&nbsp;&nbsp;&nbsp;&nbsp;&nbsp;&nbsp;&nbsp;&nbsp;&nbsp;En effet par la voix de son pr\u00e9sident, le Conseil R\u00e9gional de Mopti s\u2019engage \u00e0&nbsp;: \u00ab&nbsp;Construire une r\u00e9gion paisible, s\u00e9curis\u00e9e au plan alimentaire, enti\u00e8rement d\u00e9senclav\u00e9e, industrialis\u00e9e et int\u00e9gr\u00e9e dans la sous-r\u00e9gion dont l\u2019\u00e9levage constitue le socle de l\u2019\u00e9conomie,&#46;&#46;&#46;<\/p>\n","protected":false},"author":2,"featured_media":0,"parent":51,"menu_order":0,"comment_status":"closed","ping_status":"closed","template":"","meta":{"footnotes":""},"class_list":["post-68","page","type-page","status-publish","hentry"],"_links":{"self":[{"href":"https:\/\/crmopti.gouv.ml\/index.php?rest_route=\/wp\/v2\/pages\/68","targetHints":{"allow":["GET"]}}],"collection":[{"href":"https:\/\/crmopti.gouv.ml\/index.php?rest_route=\/wp\/v2\/pages"}],"about":[{"href":"https:\/\/crmopti.gouv.ml\/index.php?rest_route=\/wp\/v2\/types\/page"}],"author":[{"embeddable":true,"href":"https:\/\/crmopti.gouv.ml\/index.php?rest_route=\/wp\/v2\/users\/2"}],"replies":[{"embeddable":true,"href":"https:\/\/crmopti.gouv.ml\/index.php?rest_route=%2Fwp%2Fv2%2Fcomments&post=68"}],"version-history":[{"count":20,"href":"https:\/\/crmopti.gouv.ml\/index.php?rest_route=\/wp\/v2\/pages\/68\/revisions"}],"predecessor-version":[{"id":2582,"href":"https:\/\/crmopti.gouv.ml\/index.php?rest_route=\/wp\/v2\/pages\/68\/revisions\/2582"}],"up":[{"embeddable":true,"href":"https:\/\/crmopti.gouv.ml\/index.php?rest_route=\/wp\/v2\/pages\/51"}],"wp:attachment":[{"href":"https:\/\/crmopti.gouv.ml\/index.php?rest_route=%2Fwp%2Fv2%2Fmedia&parent=68"}],"curies":[{"name":"wp","href":"https:\/\/api.w.org\/{rel}","templated":true}]}}