{"id":67,"date":"2021-02-14T21:22:12","date_gmt":"2021-02-14T21:22:12","guid":{"rendered":"https:\/\/crmopti.gouv.ml\/?page_id=67"},"modified":"2025-10-15T11:59:20","modified_gmt":"2025-10-15T11:59:20","slug":"mopti","status":"publish","type":"page","link":"https:\/\/crmopti.gouv.ml\/?page_id=67","title":{"rendered":"R\u00e9gion de Mopti"},"content":{"rendered":"\t\t<div data-elementor-type=\"wp-page\" data-elementor-id=\"67\" class=\"elementor elementor-67\">\n\t\t\t\t<div class=\"elementor-element elementor-element-1c76327f e-flex e-con-boxed e-con e-parent\" data-id=\"1c76327f\" data-element_type=\"container\" data-e-type=\"container\">\n\t\t\t\t\t<div class=\"e-con-inner\">\n\t\t\t\t<div class=\"elementor-element elementor-element-14d82100 elementor-widget elementor-widget-text-editor\" data-id=\"14d82100\" data-element_type=\"widget\" data-e-type=\"widget\" data-widget_type=\"text-editor.default\">\n\t\t\t\t<div class=\"elementor-widget-container\">\n\t\t\t\t\t\t\t\t\t\n<h2 class=\"has-text-align-center wp-block-heading\"><strong>Br\u00e8ve pr\u00e9sentation de la r\u00e9gion de Mopti\u00a0<\/strong><\/h2>\n\n<p align=\"justify\">La r\u00e9gion de Mopti est la cinqui\u00e8me r\u00e9gion administrative du Mali dont le chef-lieu est Mopti. Elle s\u2019\u00e9tend sur une superficie de 79\u00a0017 km2, soit 6% du territoire national et compte environ 2,37millions d\u2019habitants soit 16% de la population du Mali. La r\u00e9gion fait fronti\u00e8re avec les r\u00e9gions de S\u00e9gou, de Tombouctou et le Burkina Faso. . Elle contribue \u00e0 hauteur de 11,5% du PIB et enregistre malgr\u00e9 ses potentialit\u00e9s, le taux de pauvret\u00e9 de 60,7% avec des indices de profondeur et de s\u00e9v\u00e9rit\u00e9\u00a0 (28% et 15,9%) les plus \u00e9lev\u00e9s au Mali.<\/p>\n<p><\/p>\n<p><strong>Division administrative<\/strong><\/p>\n<p><\/p>\n<p align=\"justify\">La r\u00e9gion compte huit (8) cercles que sont cercles de Mopti, Youwara, T\u00e9nenkou, Dj\u00e9nn\u00e9, Douentza, Bandiagara Bankass et Koro et 108 communes dont cinq (5) urbaines. Ces diff\u00e9rents cercles se r\u00e9partissent en deux (2) zones naturelles\u00a0: la zone exond\u00e9e qui correspond au plateau dogon et la zone inond\u00e9e qui correspond \u00e0 une partie du delta int\u00e9rieur du Niger. Les collectivit\u00e9s territoriales sont dirig\u00e9es par des conseils \u00e9lus.<\/p>\n<p><\/p>\n<p align=\"justify\">La r\u00e9gion dispose des terres cultivables et de l\u2019eau en abondance d\u2019un potentiel important de surface p\u00e9rennes et non p\u00e9rennes. Elle poss\u00e8de une des plus grandes r\u00e9serves halieutiques du Mali. Ce potentiel naturel en eau peut \u00eatre valoris\u00e9 en termes d\u2019am\u00e9nagement agro-sylvo-pastoral et piscicole. Gr\u00e2ce \u00e0 des conditions propices au d\u00e9veloppement de l\u2019agro-industrie Mopti occupe une place de choix pour les investisseurs en raison de\u00a0: La pr\u00e9sence de nombreuses productions locales en abondance\u00a0: cheptel, poissons, lait, riz\u2026tissu industriel existant valorise peu ce potentiel. Le co\u00fbt relativement peu \u00e9l\u00e8ve de la main \u0153uvre par rapport aux pays voisins.<\/p>\n<p><\/p>\n<p align=\"justify\">La r\u00e9gion est un Carrefour entre les r\u00e9gions Nord et Sud, situ\u00e9 au centre du Mali, sa position g\u00e9ographique pr\u00e9sente un avantage strat\u00e9gique\u00a0: son territoire donne un acc\u00e8s aux march\u00e9s locaux. Les transports sont facilit\u00e9s par 1613 km de routes dont 578 km bitum\u00e9s. Le r\u00e9seau est important dans la zone exond\u00e9e. Quant \u00e0 la zone inond\u00e9e, le transport est assur\u00e9 par des pirogues et pinasses et les bateaux de la Compagnie Malienne de Navigation (COMANAV) pendant deux (2) mois par an et le transport a\u00e9rien est dynamique gr\u00e2ce \u00e0 l\u2019a\u00e9roport international Hambodedjon de s\u00e9var\u00e9. Elle est aussi une zone de brassage ethnique et culturel constitu\u00e9 de Peuls, Bozos, Somonos, Dogons, Bambaras etc.<\/p>\n<p><\/p>\n<p align=\"justify\">Les principales activit\u00e9s \u00e9conomiques sont l\u2019agriculture, l\u2019\u00e9levage, la p\u00eache qui b\u00e9n\u00e9ficient d\u2019\u00e9normes potentialit\u00e9s en terres agricoles (1,5 millions ha) en eaux de surface (Niger, Bani,Sourou) et en p\u00e2turages (70 000 ha de bourgouti\u00e8res).<\/p>\n<p><\/p>\n<p align=\"justify\">La zone inond\u00e9e, le Delta Int\u00e9rieur du Niger (DIN) avec ses 30 000 km2 est repartie entre trois vocations\u00a0: Les p\u00e2turages inond\u00e9es exclusifs\u00a0; 21% de l\u2019espace delta\u00efque, soit environ 90\u00a0000 ha. L\u2019espace agro-pastoral\u00a0:75%, soit environ 225\u00a0000 ha de l\u2019espace dont 65% pour les cultures inond\u00e9es et 10% pour les cultures pluviales. Les eaux permanentes\u00a0: environ 4%, soit 12\u00a0000 ha de l\u2019espace destin\u00e9s \u00e0 la p\u00eache.<\/p>\n<p><\/p>\n<p align=\"justify\">La zone exond\u00e9e pr\u00e9sente des p\u00e2turages d\u2019hivernage riches et vari\u00e9s essentiellement compos\u00e9s de gramin\u00e9es et d\u2019esp\u00e8ces arbustives<\/p>\n<p><\/p>\n<p align=\"justify\">La r\u00e9gion de Mopti est la premi\u00e8re destination touristique du Mali. Elle englobe plusieurs des sites touristique les plus connus du pays\u00a0: le pays dogon, Djenn\u00e9 et Mopti, le Gourma et le Delta int\u00e9rieur du Niger\u00a0:<\/p>\n<p><\/p>\n<p>\u00a0<\/p>\n<p><\/p>\n<ul class=\"wp-block-list\">\n<li>Des sites recens\u00e9s au patrimoine de l\u2019humanit\u00e9 par l\u2019UNESCO ville de Djenn\u00e9 et le pays Dogon<\/li>\n<li>1<sup>er<\/sup> \u00e9v\u00e8nement culturel recens\u00e9 au patrimoine mondial de l\u2019UNESCO\u00a0:<\/li>\n<li>La travers\u00e9e des b\u0153ufs \u00ab\u00a0Yaaral et Degal\u00a0\u00bb.<\/li>\n<li>Autres valeurs attractives\u00a0: le Delta int\u00e9rieur du Niger, le lac D\u00e9bo, l\u2019architecture traditionnelle, des r\u00e9serves abritant des esp\u00e8ces v\u00e9g\u00e9tales et animales (\u00e9l\u00e9phants, girafes et autres esp\u00e8ces), l\u2019artisanat d\u2019art riche et vari\u00e9, la cit\u00e9 historique de Hombori et de Hamdallaye<\/li>\n<li>Le Gondo-Mondoro est constitu\u00e9 de vastes plaines pouvant \u00eatre subdivis\u00e9 en trois sous-ensembles : la plaine du Gondo-Mondoro, la plaine du Sourou et le S\u00e9no.<\/li>\n<li>Le Gourma, espace \u00e0 vocation pastorale, il est caract\u00e9ris\u00e9 par l\u2019existence de nombreuses mares aliment\u00e9e par le fleuve Niger du fait de sa situation g\u00e9ographique, au Sud du fleuve Niger qui constitue sa limite naturelle au Nord. Il comprend trois grands sous-ensembles que sont le Ganderas, le Tin Tillit et le Tin Billal.<\/li>\n<li><a href=\"https:\/\/crmopti.gouv.ml\/wp-content\/uploads\/2025\/10\/mopti-1.webp\"><img fetchpriority=\"high\" decoding=\"async\" class=\"alignnone size-medium wp-image-2493\" src=\"https:\/\/crmopti.gouv.ml\/wp-content\/uploads\/2025\/10\/mopti-1-300x270.webp\" alt=\"\" width=\"300\" height=\"270\" srcset=\"https:\/\/crmopti.gouv.ml\/wp-content\/uploads\/2025\/10\/mopti-1-300x270.webp 300w, https:\/\/crmopti.gouv.ml\/wp-content\/uploads\/2025\/10\/mopti-1.webp 474w\" sizes=\"(max-width: 300px) 100vw, 300px\" \/><\/a><a href=\"https:\/\/crmopti.gouv.ml\/wp-content\/uploads\/2025\/10\/mopt.jpeg\"><img decoding=\"async\" class=\"alignnone wp-image-2464\" src=\"https:\/\/crmopti.gouv.ml\/wp-content\/uploads\/2025\/10\/mopt.jpeg\" alt=\"\" width=\"361\" height=\"259\" srcset=\"https:\/\/crmopti.gouv.ml\/wp-content\/uploads\/2025\/10\/mopt.jpeg 696w, https:\/\/crmopti.gouv.ml\/wp-content\/uploads\/2025\/10\/mopt-300x216.jpeg 300w\" sizes=\"(max-width: 361px) 100vw, 361px\" \/><\/a><\/li>\n<\/ul>\n<p><\/p>\n<figure class=\"wp-block-image size-full\"><a href=\"https:\/\/crmopti.gouv.ml\/wp-content\/uploads\/2021\/09\/180px-Mali_Mopti.png\"><img decoding=\"async\" width=\"180\" height=\"178\" class=\"wp-image-617\" src=\"https:\/\/crmopti.gouv.ml\/wp-content\/uploads\/2021\/09\/180px-Mali_Mopti.png\" alt=\"\" srcset=\"https:\/\/crmopti.gouv.ml\/wp-content\/uploads\/2021\/09\/180px-Mali_Mopti.png 180w, https:\/\/crmopti.gouv.ml\/wp-content\/uploads\/2021\/09\/180px-Mali_Mopti-80x80.png 80w\" sizes=\"(max-width: 180px) 100vw, 180px\" \/><\/a><\/figure>\n<p><\/p>\n<figure class=\"wp-block-image size-full\"><a href=\"https:\/\/crmopti.gouv.ml\/wp-content\/uploads\/2021\/09\/3e86ba096f1f106523c24ba4305da978.jpg\"><img loading=\"lazy\" decoding=\"async\" width=\"735\" height=\"568\" class=\"wp-image-618\" src=\"https:\/\/crmopti.gouv.ml\/wp-content\/uploads\/2021\/09\/3e86ba096f1f106523c24ba4305da978.jpg\" alt=\"\" srcset=\"https:\/\/crmopti.gouv.ml\/wp-content\/uploads\/2021\/09\/3e86ba096f1f106523c24ba4305da978.jpg 735w, https:\/\/crmopti.gouv.ml\/wp-content\/uploads\/2021\/09\/3e86ba096f1f106523c24ba4305da978-300x232.jpg 300w\" sizes=\"(max-width: 735px) 100vw, 735px\" \/><\/a>\n<figcaption><a href=\"https:\/\/www.facebook.com\/CRMOPTI\">Notre page facebook<\/a><\/figcaption>\n<\/figure>\n<p><\/p>\t\t\t\t\t\t\t\t<\/div>\n\t\t\t\t<\/div>\n\t\t\t\t\t<\/div>\n\t\t\t\t<\/div>\n\t\t\t\t<\/div>\n\t\t","protected":false},"excerpt":{"rendered":"<p>Br\u00e8ve pr\u00e9sentation de la r\u00e9gion de Mopti\u00a0 La r\u00e9gion de Mopti est la cinqui\u00e8me r\u00e9gion administrative du Mali dont le chef-lieu est Mopti. Elle s\u2019\u00e9tend sur une superficie de 79\u00a0017 km2, soit 6% du territoire national et compte environ 2,37millions d\u2019habitants soit 16% de la population du Mali. La r\u00e9gion&#46;&#46;&#46;<\/p>\n","protected":false},"author":2,"featured_media":0,"parent":51,"menu_order":0,"comment_status":"closed","ping_status":"closed","template":"","meta":{"footnotes":""},"class_list":["post-67","page","type-page","status-publish","hentry"],"_links":{"self":[{"href":"https:\/\/crmopti.gouv.ml\/index.php?rest_route=\/wp\/v2\/pages\/67","targetHints":{"allow":["GET"]}}],"collection":[{"href":"https:\/\/crmopti.gouv.ml\/index.php?rest_route=\/wp\/v2\/pages"}],"about":[{"href":"https:\/\/crmopti.gouv.ml\/index.php?rest_route=\/wp\/v2\/types\/page"}],"author":[{"embeddable":true,"href":"https:\/\/crmopti.gouv.ml\/index.php?rest_route=\/wp\/v2\/users\/2"}],"replies":[{"embeddable":true,"href":"https:\/\/crmopti.gouv.ml\/index.php?rest_route=%2Fwp%2Fv2%2Fcomments&post=67"}],"version-history":[{"count":22,"href":"https:\/\/crmopti.gouv.ml\/index.php?rest_route=\/wp\/v2\/pages\/67\/revisions"}],"predecessor-version":[{"id":2497,"href":"https:\/\/crmopti.gouv.ml\/index.php?rest_route=\/wp\/v2\/pages\/67\/revisions\/2497"}],"up":[{"embeddable":true,"href":"https:\/\/crmopti.gouv.ml\/index.php?rest_route=\/wp\/v2\/pages\/51"}],"wp:attachment":[{"href":"https:\/\/crmopti.gouv.ml\/index.php?rest_route=%2Fwp%2Fv2%2Fmedia&parent=67"}],"curies":[{"name":"wp","href":"https:\/\/api.w.org\/{rel}","templated":true}]}}