{"id":66,"date":"2021-02-14T21:22:12","date_gmt":"2021-02-14T21:22:12","guid":{"rendered":"https:\/\/crmopti.gouv.ml\/?page_id=66"},"modified":"2021-09-30T20:19:06","modified_gmt":"2021-09-30T20:19:06","slug":"les-programmes-du-conseil-regional-de-mopti","status":"publish","type":"page","link":"https:\/\/crmopti.gouv.ml\/?page_id=66","title":{"rendered":"Les Programmes"},"content":{"rendered":"\n<ul class=\"has-pale-cyan-blue-background-color has-background wp-block-list\"><li>Renforcement des capacit\u00e9s des acteurs \u00e9conomiques des fili\u00e8res porteuses, D\u00e9veloppement des \u00e9quipements marchands collectifs, D\u00e9veloppement des infrastructures de communication ( Routes , pistes, navigation fluviales) et t\u00e9l\u00e9communications.<\/li><\/ul>\n\n\n\n<ul class=\"has-light-green-cyan-background-color has-background wp-block-list\"><li>D\u00e9veloppement de l\u2019entreprenariat sur les fili\u00e8res prioritaires.<\/li><\/ul>\n\n\n\n<p><a href=\"https:\/\/crmopti.gouv.ml\/projets-programmes\/les-projets\/\">Les projets<\/a><\/p>\n\n\n\n<p class=\"has-text-align-right\"><a href=\"https:\/\/www.facebook.com\/CRMOPTI\">Notre page facebook<\/a><\/p>\n","protected":false},"excerpt":{"rendered":"<p>Renforcement des capacit\u00e9s des acteurs \u00e9conomiques des fili\u00e8res porteuses, D\u00e9veloppement des \u00e9quipements marchands collectifs, D\u00e9veloppement des infrastructures de communication ( Routes , pistes, navigation fluviales) et t\u00e9l\u00e9communications. D\u00e9veloppement de l\u2019entreprenariat sur les fili\u00e8res prioritaires. Les projets Notre page facebook<\/p>\n","protected":false},"author":2,"featured_media":0,"parent":53,"menu_order":0,"comment_status":"closed","ping_status":"closed","template":"","meta":{"footnotes":""},"class_list":["post-66","page","type-page","status-publish","hentry"],"_links":{"self":[{"href":"https:\/\/crmopti.gouv.ml\/index.php?rest_route=\/wp\/v2\/pages\/66","targetHints":{"allow":["GET"]}}],"collection":[{"href":"https:\/\/crmopti.gouv.ml\/index.php?rest_route=\/wp\/v2\/pages"}],"about":[{"href":"https:\/\/crmopti.gouv.ml\/index.php?rest_route=\/wp\/v2\/types\/page"}],"author":[{"embeddable":true,"href":"https:\/\/crmopti.gouv.ml\/index.php?rest_route=\/wp\/v2\/users\/2"}],"replies":[{"embeddable":true,"href":"https:\/\/crmopti.gouv.ml\/index.php?rest_route=%2Fwp%2Fv2%2Fcomments&post=66"}],"version-history":[{"count":7,"href":"https:\/\/crmopti.gouv.ml\/index.php?rest_route=\/wp\/v2\/pages\/66\/revisions"}],"predecessor-version":[{"id":674,"href":"https:\/\/crmopti.gouv.ml\/index.php?rest_route=\/wp\/v2\/pages\/66\/revisions\/674"}],"up":[{"embeddable":true,"href":"https:\/\/crmopti.gouv.ml\/index.php?rest_route=\/wp\/v2\/pages\/53"}],"wp:attachment":[{"href":"https:\/\/crmopti.gouv.ml\/index.php?rest_route=%2Fwp%2Fv2%2Fmedia&parent=66"}],"curies":[{"name":"wp","href":"https:\/\/api.w.org\/{rel}","templated":true}]}}