{"id":65,"date":"2021-02-14T21:22:12","date_gmt":"2021-02-14T21:22:12","guid":{"rendered":"https:\/\/crmopti.gouv.ml\/?page_id=65"},"modified":"2021-09-13T16:59:28","modified_gmt":"2021-09-13T16:59:28","slug":"les-projets","status":"publish","type":"page","link":"https:\/\/crmopti.gouv.ml\/?page_id=65","title":{"rendered":"Les Projets"},"content":{"rendered":"\n<ul class=\"has-black-color has-pale-cyan-blue-background-color has-text-color has-background wp-block-list\"><li>R\u00e9alisation ou r\u00e9novation de boucheries dans 5 cercles de la R\u00e9gion de Mopti, R\u00e9alisation ou r\u00e9habilitation de centres d\u2019alphab\u00e9tisation dans 5 cercles de la R\u00e9gion de Mopti (25 sites), Am\u00e9nagement de quatre (04) espaces pastoraux dans les bassins de production de b\u00e9tail dans la R\u00e9gion de Mopti, D\u00e9veloppement et diversification des sources d\u2019\u00e9nergie modernes dans la R\u00e9gion de Mopti, pistes Bandiagara-Sangha-Banani.<\/li><\/ul>\n\n\n\n<ul class=\"has-light-green-cyan-background-color has-background wp-block-list\"><li>R\u00e9alisation d\u2019unit\u00e9s de s\u00e9chage de peaux et cuirs dans 5 cercles de la R\u00e9gion de Mopti, Renforcement et r\u00e9alisation d\u2019ateliers de tissage artisanal dans 5 cercle de la R\u00e9gion de Mopti, R\u00e9alisation de fermes d\u2019embouches dans la R\u00e9gion de Mopti, R\u00e9alisation d\u2019une unit\u00e9 de conservation et de transformation du poisson dans la R\u00e9gion de Mopti, R\u00e9alisation d\u2019unit\u00e9s de fabrication d\u2019aliments b\u00e9tail dans les cercles de Mopti, Djenn\u00e9, Bankass et Koro de la r\u00e9gion de Mopti\u00a0.<\/li><\/ul>\n","protected":false},"excerpt":{"rendered":"<p>R\u00e9alisation ou r\u00e9novation de boucheries dans 5 cercles de la R\u00e9gion de Mopti, R\u00e9alisation ou r\u00e9habilitation de centres d\u2019alphab\u00e9tisation dans 5 cercles de la R\u00e9gion de Mopti (25 sites), Am\u00e9nagement de quatre (04) espaces pastoraux dans les bassins de production de b\u00e9tail dans la R\u00e9gion de Mopti, D\u00e9veloppement et diversification&#46;&#46;&#46;<\/p>\n","protected":false},"author":2,"featured_media":0,"parent":53,"menu_order":0,"comment_status":"closed","ping_status":"closed","template":"","meta":{"footnotes":""},"class_list":["post-65","page","type-page","status-publish","hentry"],"_links":{"self":[{"href":"https:\/\/crmopti.gouv.ml\/index.php?rest_route=\/wp\/v2\/pages\/65","targetHints":{"allow":["GET"]}}],"collection":[{"href":"https:\/\/crmopti.gouv.ml\/index.php?rest_route=\/wp\/v2\/pages"}],"about":[{"href":"https:\/\/crmopti.gouv.ml\/index.php?rest_route=\/wp\/v2\/types\/page"}],"author":[{"embeddable":true,"href":"https:\/\/crmopti.gouv.ml\/index.php?rest_route=\/wp\/v2\/users\/2"}],"replies":[{"embeddable":true,"href":"https:\/\/crmopti.gouv.ml\/index.php?rest_route=%2Fwp%2Fv2%2Fcomments&post=65"}],"version-history":[{"count":2,"href":"https:\/\/crmopti.gouv.ml\/index.php?rest_route=\/wp\/v2\/pages\/65\/revisions"}],"predecessor-version":[{"id":605,"href":"https:\/\/crmopti.gouv.ml\/index.php?rest_route=\/wp\/v2\/pages\/65\/revisions\/605"}],"up":[{"embeddable":true,"href":"https:\/\/crmopti.gouv.ml\/index.php?rest_route=\/wp\/v2\/pages\/53"}],"wp:attachment":[{"href":"https:\/\/crmopti.gouv.ml\/index.php?rest_route=%2Fwp%2Fv2%2Fmedia&parent=65"}],"curies":[{"name":"wp","href":"https:\/\/api.w.org\/{rel}","templated":true}]}}