{"id":64,"date":"2021-02-14T21:22:12","date_gmt":"2021-02-14T21:22:12","guid":{"rendered":"https:\/\/crmopti.gouv.ml\/?page_id=64"},"modified":"2025-10-15T09:23:57","modified_gmt":"2025-10-15T09:23:57","slug":"emplois","status":"publish","type":"page","link":"https:\/\/crmopti.gouv.ml\/?page_id=64","title":{"rendered":"Emplois"},"content":{"rendered":"\t\t<div data-elementor-type=\"wp-page\" data-elementor-id=\"64\" class=\"elementor elementor-64\">\n\t\t\t\t<div class=\"elementor-element elementor-element-7a675a5a e-flex e-con-boxed e-con e-parent\" data-id=\"7a675a5a\" data-element_type=\"container\" data-e-type=\"container\">\n\t\t\t\t\t<div class=\"e-con-inner\">\n\t\t\t\t<div class=\"elementor-element elementor-element-1b817576 elementor-widget elementor-widget-text-editor\" data-id=\"1b817576\" data-element_type=\"widget\" data-e-type=\"widget\" data-widget_type=\"text-editor.default\">\n\t\t\t\t<div class=\"elementor-widget-container\">\n\t\t\t\t\t\t\t\t\t<p>\u00a0<\/p><div class=\"innerCenter\"><div id=\"contenu\"><div class=\"clearfix\"><h1>La R\u00e9gion de Mopti au Mali<\/h1><div class=\"paragraphe tpl TPL_ACTUALITE\"><div class=\"innerParagraphe\"><div class=\"accrochePage\"><p>Le Pr\u00e9sident du Conseil R\u00e9gional de Mopti, M. Abdoulaye Gerba MAIGA, pr\u00e9sente le territoire et la collectivit\u00e9 territoriale qu\u2019il pr\u00e9side depuis ao\u00fbt 2020.<\/p><\/div><\/div><\/div><\/div><\/div><\/div><p><a href=\"https:\/\/crmopti.gouv.ml\/wp-content\/uploads\/2025\/10\/mopti.webp\"><img fetchpriority=\"high\" decoding=\"async\" class=\"alignnone wp-image-2463 size-medium\" src=\"https:\/\/crmopti.gouv.ml\/wp-content\/uploads\/2025\/10\/mopti-300x270.webp\" alt=\"\" width=\"300\" height=\"270\" srcset=\"https:\/\/crmopti.gouv.ml\/wp-content\/uploads\/2025\/10\/mopti-300x270.webp 300w, https:\/\/crmopti.gouv.ml\/wp-content\/uploads\/2025\/10\/mopti.webp 474w\" sizes=\"(max-width: 300px) 100vw, 300px\" \/><\/a><span style=\"text-align: justify;\">Situ\u00e9e au centre du Mali, la R\u00e9gion de Mopti est la 5\u00e8me r\u00e9gion administrative du pays. Elle est limit\u00e9e au nord par la R\u00e9gion de Tombouctou (Mali), \u00e0 l\u2019ouest et au sud par la R\u00e9gion de S\u00e9gou (Mali) et au sud-est par le Burkina-Faso. La R\u00e9gion couvre 79 017 km2 du territoire national malien et sa population est estim\u00e9e, selon le dernier recensement de 2009, \u00e0 2 036 209 habitants. La R\u00e9gion est peupl\u00e9e de plusieurs ethnies : Bambara, Peulh, Dogosso, Songhai, Bozo, Bobo, \u2026<\/span><\/p><div class=\"innerCenter\"><div id=\"contenu\"><div class=\"clearfix\"><div class=\"paragraphe tpl TPL_ACTUALITE\"><div class=\"innerParagraphe\"><div class=\"txt\"><p><img decoding=\"async\" class=\"IMF_50 alignright\" src=\"\/uploads\/Image\/65\/IMF_50\/GAB_STANDARD\/78492_156_paysage.jpg\" alt=\"\" \/><\/p><p style=\"text-align: justify;\">La R\u00e9gion arbitre de tr\u00e8s nombreuses structures \u00e9ducatives publiques et priv\u00e9es (50 \u00e9coles p\u00e9riscolaires, 1195 \u00e9coles fondamentales et 7 lyc\u00e9es) et plusieurs centres de formation et \u00e9tablissements d\u2019enseignement sup\u00e9rieur (2 IFM, 2 \u00e9coles de sant\u00e9, 2 universit\u00e9s, 7 \u00e9coles techniques et professionnels, 191 CAF et 260 CED). Les principales activit\u00e9s \u00e9conomiques dans la R\u00e9gion sont constitu\u00e9es des secteurs de l\u2019agriculture, l\u2019\u00e9levage, la p\u00eache et l\u2019agroforesterie.<a href=\"https:\/\/crmopti.gouv.ml\/wp-content\/uploads\/2025\/10\/mopt.jpeg\"><img decoding=\"async\" class=\"alignnone size-medium wp-image-2464\" src=\"https:\/\/crmopti.gouv.ml\/wp-content\/uploads\/2025\/10\/mopt-300x216.jpeg\" alt=\"\" width=\"300\" height=\"216\" srcset=\"https:\/\/crmopti.gouv.ml\/wp-content\/uploads\/2025\/10\/mopt-300x216.jpeg 300w, https:\/\/crmopti.gouv.ml\/wp-content\/uploads\/2025\/10\/mopt.jpeg 696w\" sizes=\"(max-width: 300px) 100vw, 300px\" \/><\/a><\/p><p style=\"text-align: justify;\"><img decoding=\"async\" class=\"IMF_50 alignleft\" src=\"\/uploads\/Image\/c0\/IMF_50\/GAB_STANDARD\/78495_362_Mosquee.png\" alt=\"\" \/>Au niveau culturel et touristique, la R\u00e9gion de Mopti arbitre 2 sites class\u00e9s au patrimoine de l\u2019humanit\u00e9 par l\u2019UNESCO : la grande Mosqu\u00e9e de Djenn\u00e9 et le pays Dogon. D\u2019autres valeurs attractives et historiques du territoire sont le Delta int\u00e9rieur du Niger avec le lac D\u00e9bo, la flore et la faune, les falaises de Bandiagara, l\u2019architecture traditionnelle, l\u2019artisanat d\u2019art riche et vari\u00e9, la cit\u00e9 historique de Hombori, la cit\u00e9 historique de Hamdallaye et la ville de Mopti.<\/p><p style=\"text-align: justify;\">Les festivit\u00e9s du Yaaral et Degal marquent les travers\u00e9es du fleuve Niger par les troupeaux de retour de transhumance dans le delta central au Mali et au Niger. Deux fois par an, ces manifestations combinent plusieurs c\u00e9l\u00e9brations culturelles de danse et musique. Ces festivit\u00e9s annuelles peules ont \u00e9t\u00e9 inscrites en 2008 sur la liste repr\u00e9sentative du patrimoine culturel immat\u00e9riel de l\u2019humanit\u00e9 (UNESCO).<\/p><p><a href=\"https:\/\/crmopti.gouv.ml\/wp-content\/uploads\/2025\/10\/moptii.jpg\"><img decoding=\"async\" class=\"alignnone size-medium wp-image-2465\" src=\"https:\/\/crmopti.gouv.ml\/wp-content\/uploads\/2025\/10\/moptii-300x269.jpg\" alt=\"\" width=\"300\" height=\"269\" srcset=\"https:\/\/crmopti.gouv.ml\/wp-content\/uploads\/2025\/10\/moptii-300x269.jpg 300w, https:\/\/crmopti.gouv.ml\/wp-content\/uploads\/2025\/10\/moptii-768x690.jpg 768w, https:\/\/crmopti.gouv.ml\/wp-content\/uploads\/2025\/10\/moptii.jpg 980w\" sizes=\"(max-width: 300px) 100vw, 300px\" \/><\/a><\/p><p style=\"text-align: justify;\">En tant que collectivit\u00e9 r\u00e9gionale, la R\u00e9gion de Mopti a un Pr\u00e9sident \u00e9lu par vote des conseillers r\u00e9gionaux. Le Pr\u00e9sident en fonction, M. Abdoulaye Gerba MAIGA, a \u00e9t\u00e9 \u00e9lu le 11 ao\u00fbt 2020. Le conseil R\u00e9gional est \u00e9galement dot\u00e9 d\u2019un Secr\u00e9taire g\u00e9n\u00e9ral, d\u2019un service financier et d\u2019un service technique. Ses principales comp\u00e9tences sont : la conception, la programmation, la mise en \u0153uvre et le suivi-\u00e9valuation des actions de d\u00e9veloppement \u00e9conomique, social et culturelle d\u2019int\u00e9r\u00eat r\u00e9gional.<\/p><p style=\"text-align: justify;\">Le conseil R\u00e9gional de Mopti met en \u0153uvre 3 actions prioritaires actuellement :<\/p><ol style=\"text-align: justify;\"><li>La r\u00e9alisation de deux centrales hybrides \u00e0 Madiama (cercle de Djenn\u00e9) et Somadougou (cercle de Mopti) ;<\/li><li>La construction de la piste Mougnan (cercle de Djenn\u00e9) &#8211; Diafarab\u00e9 &#8211; Dia &#8211; Tenenkou &#8211; Youwarou, et la piste Bor\u00e9 &#8211; Konna &#8211; Aka &#8211; Youwarou ;<\/li><li>L\u2019am\u00e9nagement de 100ha \u00e0 Perimp\u00e9 en irrigation par pivot.<\/li><\/ol><p style=\"text-align: justify;\">La R\u00e9gion de Mopti entretient une coop\u00e9ration avec le D\u00e9partement d\u2019Ille et Vilaine (France) ainsi qu\u2019avec la R\u00e9gion Centre de France. Elle a \u00e9galement un projet de coop\u00e9ration avec trois R\u00e9gions du Burkina Faso.<\/p><p><img decoding=\"async\" class=\"IMF_50 alignright\" src=\"\/uploads\/Image\/59\/IMF_50\/GAB_STANDARD\/78494_312_president-mopti.png\" alt=\"\" \/><\/p><p class=\"Default\" style=\"text-align: justify;\">Au sein de l\u2019AIRF, la R\u00e9gion de Mopti a r\u00e9cemment particip\u00e9 au projet, mise en \u0153uvre par l\u2019association, Cl\u00e9 en Main 2020-2021 \u00ab Pour des collectivit\u00e9s territoriales sah\u00e9liennes francophones actrices des politiques publiques d\u2019\u00e9lectrification rurale d\u00e9centralis\u00e9e \u00bb (SAHEL\/ERD) et a \u00e9t\u00e9 retenue pour la nouvelle formation-accompagnement au diagnostic \u00e9nerg\u00e9tique territorial et \u00e0 la formulation de projets sur l\u2019acc\u00e8s aux \u00e9nergies, en partenariat avec le GERES.<\/p><p>Site internet :<\/p><p><a class=\"external\" href=\"https:\/\/crmopti.gouv.ml\/\" data-file_name=\"site mali\">https:\/\/crmopti.gouv.ml\/<\/a><\/p><p>Page Facebook : <a class=\"external\" href=\"https:\/\/www.facebook.com\/CRMOPTI\" data-file_name=\"https:\/\/www.facebook.com\/CRMOPTI\">https:\/\/www.facebook.com\/CRMOPTI<\/a><\/p><p><img decoding=\"async\" class=\"IMF_50\" src=\"\/uploads\/Image\/b6\/IMF_50\/GAB_STANDARD\/78498_506_carte.jpg\" alt=\"\" \/><\/p><\/div><\/div><\/div><\/div><\/div><\/div>\t\t\t\t\t\t\t\t<\/div>\n\t\t\t\t<\/div>\n\t\t\t\t\t<\/div>\n\t\t\t\t<\/div>\n\t\t\t\t<\/div>\n\t\t","protected":false},"excerpt":{"rendered":"<p>\u00a0 La R\u00e9gion de Mopti au Mali Le Pr\u00e9sident du Conseil R\u00e9gional de Mopti, M. Abdoulaye Gerba MAIGA, pr\u00e9sente le territoire et la collectivit\u00e9 territoriale qu\u2019il pr\u00e9side depuis ao\u00fbt 2020. Situ\u00e9e au centre du Mali, la R\u00e9gion de Mopti est la 5\u00e8me r\u00e9gion administrative du pays. Elle est limit\u00e9e au&#46;&#46;&#46;<\/p>\n","protected":false},"author":2,"featured_media":0,"parent":545,"menu_order":0,"comment_status":"closed","ping_status":"closed","template":"","meta":{"footnotes":""},"class_list":["post-64","page","type-page","status-publish","hentry"],"_links":{"self":[{"href":"https:\/\/crmopti.gouv.ml\/index.php?rest_route=\/wp\/v2\/pages\/64","targetHints":{"allow":["GET"]}}],"collection":[{"href":"https:\/\/crmopti.gouv.ml\/index.php?rest_route=\/wp\/v2\/pages"}],"about":[{"href":"https:\/\/crmopti.gouv.ml\/index.php?rest_route=\/wp\/v2\/types\/page"}],"author":[{"embeddable":true,"href":"https:\/\/crmopti.gouv.ml\/index.php?rest_route=\/wp\/v2\/users\/2"}],"replies":[{"embeddable":true,"href":"https:\/\/crmopti.gouv.ml\/index.php?rest_route=%2Fwp%2Fv2%2Fcomments&post=64"}],"version-history":[{"count":21,"href":"https:\/\/crmopti.gouv.ml\/index.php?rest_route=\/wp\/v2\/pages\/64\/revisions"}],"predecessor-version":[{"id":2471,"href":"https:\/\/crmopti.gouv.ml\/index.php?rest_route=\/wp\/v2\/pages\/64\/revisions\/2471"}],"up":[{"embeddable":true,"href":"https:\/\/crmopti.gouv.ml\/index.php?rest_route=\/wp\/v2\/pages\/545"}],"wp:attachment":[{"href":"https:\/\/crmopti.gouv.ml\/index.php?rest_route=%2Fwp%2Fv2%2Fmedia&parent=64"}],"curies":[{"name":"wp","href":"https:\/\/api.w.org\/{rel}","templated":true}]}}