{"id":55,"date":"2021-02-14T21:09:44","date_gmt":"2021-02-14T21:09:44","guid":{"rendered":"https:\/\/crmopti.gouv.ml\/?page_id=55"},"modified":"2025-11-07T23:15:02","modified_gmt":"2025-11-07T23:15:02","slug":"actualites","status":"publish","type":"page","link":"https:\/\/crmopti.gouv.ml\/?page_id=55","title":{"rendered":"Actualit\u00e9s"},"content":{"rendered":"\n<p>C\u2019est dans le cadre de la mise en \u0153uvre de la composante 1 du projet SDNM III que le Conseil R\u00e9gional de Mopti a organis\u00e9 du 23 au 24 ao\u00fbt 2021 un atelier de pr\u00e9sentation et d\u2019appropriation des proc\u00e9dures applicables au Projet S\u00e9curit\u00e9 D\u00e9veloppement Nord Mali phase 3 (SDNM III) dans sa salle de d\u00e9lib\u00e9ration.<\/p>\n\n\n\n<p>La c\u00e9r\u00e9monie d\u2019ouverture \u00e9tait pr\u00e9sid\u00e9e par le Pr\u00e9sident du Conseil R\u00e9gional de Mopti Monsieur Abdoulaye Garba MAIGA qui, apr\u00e8s son mot de bienvenue \u00e0 l\u2019endroit des participants, a tenu un bref discours en faisant un r\u00e9sum\u00e9 global des r\u00e9alisations faites par le projet S\u00e9curit\u00e9 et D\u00e9veloppement, il s\u2019agit<\/p>\n\n\n\n<ul class=\"wp-block-list\">\n<li>dans sa phase 1\u00a0: de la construction du Lyc\u00e9e public de Youwarou, des am\u00e9nagements hydro-agricoles \u00a0r\u00e9alis\u00e9s \u00e0 Goundaka dans la commune de Pignari Bana et \u00a0\u00e0 Dia dans la commune de Diafarab\u00e9.<\/li>\n\n\n\n<li>dans la phase 2\u00a0: du projet de 14 infrastructures ont \u00e9t\u00e9 r\u00e9alis\u00e9s dont 13 d\u00e9j\u00e0 r\u00e9ceptionn\u00e9s.<\/li>\n<\/ul>\n\n\n\n<p>Il a invit\u00e9 les responsables des cercles et Communes concern\u00e9s \u00e0 s\u2019impliquer pleinement pour la bonne r\u00e9ussite de la troisi\u00e8me phase du projet S\u00e9curit\u00e9 et D\u00e9veloppement au Nord et Centre du Mali (SDNM III) dans la r\u00e9gion de Mopti.<\/p>\n\n\n\n<p>Selon lui&nbsp;\u00abil \u00e9tait n\u00e9cessaire de &nbsp;se r\u00e9unir autour de cet atelier pour que tous les acteurs s\u2019approprient des proc\u00e9dures applicables \u00e0 cette phase 3 du projet SDNM.\u00bb<\/p>\n\n\n\n<p>Etaient pr\u00e9sents \u00e0 cet atelier les \u00e9lus et agents du Conseil R\u00e9gional de Mopti, les pr\u00e9sidents des conseils de cercles de la r\u00e9gion, le repr\u00e9sentant de l\u2019ANICT, les repr\u00e9sentants des services techniques d\u00e9concentr\u00e9s et les partenaires AVSF\/SDNM III.<\/p>\n\n\n\n<p>Rappelons que le projet est financ\u00e9 par la coop\u00e9ration fran\u00e7aise \u00e0 travers l\u2019Agence Fran\u00e7aise de D\u00e9veloppement (AFD). Ce projet contribue au renforcement des capacit\u00e9s des collectivit\u00e9s territoriales des r\u00e9gions Nord et Centre du Mali dans le cadre des comp\u00e9tences qui leurs sont d\u00e9volues en mati\u00e8re de planification territoriale et de ma\u00eetrise d\u2019ouvrage.<\/p>\n\n\n\n<figure class=\"wp-block-image size-large is-resized\"><a href=\"https:\/\/crmopti.gouv.ml\/wp-content\/uploads\/2025\/10\/1.webp\"><img fetchpriority=\"high\" decoding=\"async\" width=\"1024\" height=\"768\" src=\"https:\/\/crmopti.gouv.ml\/wp-content\/uploads\/2025\/10\/1-1024x768.webp\" alt=\"\" class=\"wp-image-2511\" style=\"width:386px;height:auto\" srcset=\"https:\/\/crmopti.gouv.ml\/wp-content\/uploads\/2025\/10\/1-1024x768.webp 1024w, https:\/\/crmopti.gouv.ml\/wp-content\/uploads\/2025\/10\/1-300x225.webp 300w, https:\/\/crmopti.gouv.ml\/wp-content\/uploads\/2025\/10\/1-768x576.webp 768w, https:\/\/crmopti.gouv.ml\/wp-content\/uploads\/2025\/10\/1-1536x1152.webp 1536w, https:\/\/crmopti.gouv.ml\/wp-content\/uploads\/2025\/10\/1.webp 1920w\" sizes=\"(max-width: 1024px) 100vw, 1024px\" \/><\/a><\/figure>\n\n\n\n<hr class=\"wp-block-separator has-css-opacity\" \/>\n\n\n\n<h2 class=\"wp-block-heading has-text-align-center\"><strong>C\u00e9r\u00e9monie de remise d\u2019\u00e9quipements et de mat\u00e9riels par le Conseil R\u00e9gional de Mopti<\/strong><\/h2>\n\n\n\n<p class=\"has-text-align-center\">Ce mercredi, 12 aout 2021, le Conseil R\u00e9gional de Mopti a organis\u00e9 une c\u00e9r\u00e9monie de r\u00e9ception et de remise d\u2019\u00e9quipements roulants (Lot1) et divers petits mat\u00e9riels (Lot3) des infrastructures r\u00e9alis\u00e9es sur financement de l\u2019UE dans la r\u00e9gion de Mopti dans le cadre de la mise en \u0153uvre du contrat de subvention\/D\u00e9cision 2017\/039662\/CRIS2018\/395-410 relatif au projet de renforcement des capacit\u00e9s du Conseil R\u00e9gional de Mopti pour la maitrise d\u2019ouvrage dans la r\u00e9alisation d\u2019investissements structurant le d\u00e9veloppement \u00e9conomique r\u00e9gional.<\/p>\n\n\n\n<p class=\"has-text-align-center\">Ces mat\u00e9riels et \u00e9quipements sont destin\u00e9s aux boucheries et aires d\u2019abattage de cinq (5) communes b\u00e9n\u00e9ficiaires que sont : Fakala (Sofara), T\u00e9nenkou, Youwarou, Dj\u00e9nn\u00e9 et Mopti pour un co\u00fbt total de pr\u00e8s de trente et un millions neuf cent cinquante-cinq mille (31 955 000) F cfa.<\/p>\n\n\n\n<figure class=\"wp-block-gallery has-nested-images columns-default is-cropped wp-block-gallery-1 is-layout-flex wp-block-gallery-is-layout-flex\">\n<figure class=\"wp-block-image size-large is-resized\"><a href=\"https:\/\/crmopti.gouv.ml\/wp-content\/uploads\/2021\/09\/H-1.jpg\"><img decoding=\"async\" width=\"1024\" height=\"768\" data-id=\"2411\" src=\"https:\/\/crmopti.gouv.ml\/wp-content\/uploads\/2021\/09\/H-1-1024x768.jpg\" alt=\"\" class=\"wp-image-2411\" style=\"width:358px;height:268px\" srcset=\"https:\/\/crmopti.gouv.ml\/wp-content\/uploads\/2021\/09\/H-1-1024x768.jpg 1024w, https:\/\/crmopti.gouv.ml\/wp-content\/uploads\/2021\/09\/H-1-300x225.jpg 300w, https:\/\/crmopti.gouv.ml\/wp-content\/uploads\/2021\/09\/H-1-768x576.jpg 768w, https:\/\/crmopti.gouv.ml\/wp-content\/uploads\/2021\/09\/H-1-1536x1152.jpg 1536w, https:\/\/crmopti.gouv.ml\/wp-content\/uploads\/2021\/09\/H-1.jpg 2000w\" sizes=\"(max-width: 1024px) 100vw, 1024px\" \/><\/a><\/figure>\n\n\n\n<figure class=\"wp-block-image size-large is-resized\"><a href=\"https:\/\/crmopti.gouv.ml\/wp-content\/uploads\/2021\/09\/J.jpg\"><img decoding=\"async\" width=\"1024\" height=\"768\" data-id=\"2410\" src=\"https:\/\/crmopti.gouv.ml\/wp-content\/uploads\/2021\/09\/J-1024x768.jpg\" alt=\"\" class=\"wp-image-2410\" style=\"width:364px;height:273px\" srcset=\"https:\/\/crmopti.gouv.ml\/wp-content\/uploads\/2021\/09\/J-1024x768.jpg 1024w, https:\/\/crmopti.gouv.ml\/wp-content\/uploads\/2021\/09\/J-300x225.jpg 300w, https:\/\/crmopti.gouv.ml\/wp-content\/uploads\/2021\/09\/J-768x576.jpg 768w, https:\/\/crmopti.gouv.ml\/wp-content\/uploads\/2021\/09\/J-1536x1152.jpg 1536w, https:\/\/crmopti.gouv.ml\/wp-content\/uploads\/2021\/09\/J.jpg 2000w\" sizes=\"(max-width: 1024px) 100vw, 1024px\" \/><\/a><\/figure>\n<\/figure>\n\n\n\n<hr class=\"wp-block-separator has-css-opacity\" \/>\n\n\n\n<div class=\"wp-block-group\"><div class=\"wp-block-group__inner-container is-layout-flow wp-block-group-is-layout-flow\">\n<div class=\"wp-block-group\"><div class=\"wp-block-group__inner-container is-layout-flow wp-block-group-is-layout-flow\">\n<h3 class=\"wp-block-heading has-text-align-center\"><strong>CEREMONIE DE RECEPTION D\u2019EQUIPEMENTS ELECTRO<\/strong>M<strong>ENAGERS ET<\/strong> <strong>D\u2019ECLAIRAGES<\/strong><\/h3>\n\n\n\n<p>Ce mardi 07 septembre 2021, le Conseil R\u00e9gional de Mopti a organis\u00e9 une c\u00e9r\u00e9monie de r\u00e9ception et de remise d\u2019\u00e9quipements \u00e9lectrom\u00e9nagers et d\u2019\u00e9clairages des infrastructures r\u00e9alis\u00e9es sur financement de l\u2019Union Europ\u00e9enne (UE) dans le cadre de la mise en \u0153uvre du contrat de subvention \/ D\u00e9cision 2017\/039662\/CRIS2018\/395 \u2013 410 relatif au projet de renforcement des capacit\u00e9s du Conseil R\u00e9gional de Mopti pour la maitrise d\u2019ouvrage dans la r\u00e9alisation d\u2019investissements structurant le d\u00e9veloppement \u00e9conomique r\u00e9gional.Ce mardi 07 septembre 2021, le Conseil R\u00e9gional de Mopti a organis\u00e9 une c\u00e9r\u00e9monie de r\u00e9ception et de remise d\u2019\u00e9quipements \u00e9lectrom\u00e9nagers et d\u2019\u00e9clairages des infrastructures r\u00e9alis\u00e9es sur financement de l\u2019Union Europ\u00e9enne (UE) dans le cadre de la mise en \u0153uvre du contrat de subvention \/D\u00e9cision 2017\/039662\/CRIS2018\/395-410 relatif au projet de renforcement des capacit\u00e9s du Conseil R\u00e9gional de Mopti pour la maitrise d\u2019ouvrage dans la r\u00e9alisation d\u2019investissements structurant le d\u00e9veloppement \u00e9conomique r\u00e9gional.<\/p>\n\n\n\n<p>Ces \u00e9quipements sont destin\u00e9s \u00e0 quatre aires d\u2019abattage et trois boucheries pour un co\u00fbt total de quarante millions neuf cent mille Francs CFA (40.900.000 F CFA).<\/p>\n\n\n\n<p><strong>\uf0d8 Les aires d\u2019abattage (04<\/strong>)&nbsp;<strong>concernen<\/strong>t :<\/p>\n\n\n\n<ul class=\"wp-block-list\">\n<li>\u2013 Djenn\u00e9, commune urbaine de Djenn\u00e9 Cercle de Djenn\u00e9 ;<\/li>\n\n\n\n<li>Tenenkou Commune Urbaine de Tenenkou Cercle de Tenenkou ;<\/li>\n\n\n\n<li>Youwarou Commune Rurale de Youwarou Cercle de Youwarou;<\/li>\n\n\n\n<li>Sofara Commune Rurale de Fakala Cercle de Djenn\u00e9.<\/li>\n<\/ul>\n\n\n\n<p><strong>\uf0d8 Les boucheries (03) concernent :<\/strong><\/p>\n\n\n\n<ul class=\"wp-block-list\">\n<li>S\u00e9var\u00e9 1 et S\u00e9var\u00e9 2 Commune Urbaine de Mopti Cercle de Mopti;<\/li>\n\n\n\n<li>Sofara Commune Rurale de Fakala Cercle de Djenn\u00e9.<\/li>\n<\/ul>\n\n\n\n<p>Tous les maires des communes b\u00e9n\u00e9ficiaires \u00e9taient pr\u00e9sents lors de la c\u00e9r\u00e9monie de r\u00e9ception de ces \u00e9quipements qui constituent le 2\u00e8me lot dont le 1er et le 3\u00e8me ont fait l\u2019objet de remise le 12 ao\u00fbt 2021 pour un montant de 31.955.000 F CFA.<\/p>\n\n\n\n<figure class=\"wp-block-image size-large\"><a href=\"https:\/\/crmopti.gouv.ml\/wp-content\/uploads\/2021\/09\/20210907_102536-scaled.jpg\"><img loading=\"lazy\" decoding=\"async\" width=\"1024\" height=\"768\" src=\"https:\/\/crmopti.gouv.ml\/wp-content\/uploads\/2021\/09\/20210907_102536-1024x768.jpg\" alt=\"\" class=\"wp-image-479\" srcset=\"https:\/\/crmopti.gouv.ml\/wp-content\/uploads\/2021\/09\/20210907_102536-1024x768.jpg 1024w, https:\/\/crmopti.gouv.ml\/wp-content\/uploads\/2021\/09\/20210907_102536-300x225.jpg 300w, https:\/\/crmopti.gouv.ml\/wp-content\/uploads\/2021\/09\/20210907_102536-768x576.jpg 768w, https:\/\/crmopti.gouv.ml\/wp-content\/uploads\/2021\/09\/20210907_102536-1536x1152.jpg 1536w, https:\/\/crmopti.gouv.ml\/wp-content\/uploads\/2021\/09\/20210907_102536-2048x1536.jpg 2048w\" sizes=\"(max-width: 1024px) 100vw, 1024px\" \/><\/a><\/figure>\n\n\n\n<hr class=\"wp-block-separator has-css-opacity\" \/>\n\n\n\n<h3 class=\"wp-block-heading has-text-align-center\">ATELIER DE FORMATION SUR LE SYSTEME INTEGRE DE GESTION DES MARCHES PUBLICS (SIGMAP) DU 07 AU 10 SEPTEMBRE 2021<\/h3>\n\n\n\n<p>A l\u2019ouverture de cette session de formation le pr\u00e9sident du Conseil R\u00e9gional de Mopti Monsieur Abdoulaye Garba Maiga a souhait\u00e9 la cordiale bienvenue aux participants.<\/p>\n\n\n\n<p>Il a exprim\u00e9 sa satisfaction d\u2019accueillir cette importante session de formation de quatre jours (4) sur le Syst\u00e8me Int\u00e9gr\u00e9 de Gestion des March\u00e9s Publics(SIGMAP) dans la salle de d\u00e9lib\u00e9ration du Conseil R\u00e9gional de Mopti. Le pr\u00e9sident dira clairement que le SIGMAP est un outil tr\u00e8s important dans la chaine de la commande publique.<\/p>\n\n\n\n<p>Les repr\u00e9sentants du Directeur g\u00e9n\u00e9ral des march\u00e9s publics et du Gouverneur de la r\u00e9gion de Mopti ont tour \u00e0 tour remerci\u00e9 le pr\u00e9sident du Conseil R\u00e9gional pour son accueil chaleureux tout en souhaitant la bienvenue aux participants. Avant de d\u00e9clarer la session ouverte le repr\u00e9sentant du Gouverneur de la r\u00e9gion, Monsieur Ousmane DIALLO a exhort\u00e9 les participants \u00e0 suivre avec int\u00e9r\u00eat cet atelier.<\/p>\n\n\n\n<p>Il est \u00e0 noter que le SIGMAP est un syst\u00e8me central \u00e0 travers lequel sont g\u00e9r\u00e9es toutes les commandes publiques enregistr\u00e9es au niveau de la DGMP-DSP et de ses services d\u00e9concentr\u00e9s.<\/p>\n\n\n\n<figure class=\"wp-block-image size-large is-resized\"><a href=\"https:\/\/crmopti.gouv.ml\/wp-content\/uploads\/2021\/09\/SIG.jpg\"><img loading=\"lazy\" decoding=\"async\" width=\"1024\" height=\"768\" src=\"https:\/\/crmopti.gouv.ml\/wp-content\/uploads\/2021\/09\/SIG-1024x768.jpg\" alt=\"\" class=\"wp-image-2421\" style=\"width:379px;height:auto\" srcset=\"https:\/\/crmopti.gouv.ml\/wp-content\/uploads\/2021\/09\/SIG-1024x768.jpg 1024w, https:\/\/crmopti.gouv.ml\/wp-content\/uploads\/2021\/09\/SIG-300x225.jpg 300w, https:\/\/crmopti.gouv.ml\/wp-content\/uploads\/2021\/09\/SIG-768x576.jpg 768w, https:\/\/crmopti.gouv.ml\/wp-content\/uploads\/2021\/09\/SIG-1536x1152.jpg 1536w, https:\/\/crmopti.gouv.ml\/wp-content\/uploads\/2021\/09\/SIG.jpg 1853w\" sizes=\"(max-width: 1024px) 100vw, 1024px\" \/><\/a><\/figure>\n<\/div><\/div>\n<\/div><\/div>\n","protected":false},"excerpt":{"rendered":"<p>C\u2019est dans le cadre de la mise en \u0153uvre de la composante 1 du projet SDNM III que le Conseil R\u00e9gional de Mopti a organis\u00e9 du 23 au 24 ao\u00fbt 2021 un atelier de pr\u00e9sentation et d\u2019appropriation des proc\u00e9dures applicables au Projet S\u00e9curit\u00e9 D\u00e9veloppement Nord Mali phase 3 (SDNM III)&#46;&#46;&#46;<\/p>\n","protected":false},"author":2,"featured_media":0,"parent":136,"menu_order":0,"comment_status":"closed","ping_status":"closed","template":"","meta":{"footnotes":""},"class_list":["post-55","page","type-page","status-publish","hentry"],"_links":{"self":[{"href":"https:\/\/crmopti.gouv.ml\/index.php?rest_route=\/wp\/v2\/pages\/55","targetHints":{"allow":["GET"]}}],"collection":[{"href":"https:\/\/crmopti.gouv.ml\/index.php?rest_route=\/wp\/v2\/pages"}],"about":[{"href":"https:\/\/crmopti.gouv.ml\/index.php?rest_route=\/wp\/v2\/types\/page"}],"author":[{"embeddable":true,"href":"https:\/\/crmopti.gouv.ml\/index.php?rest_route=\/wp\/v2\/users\/2"}],"replies":[{"embeddable":true,"href":"https:\/\/crmopti.gouv.ml\/index.php?rest_route=%2Fwp%2Fv2%2Fcomments&post=55"}],"version-history":[{"count":27,"href":"https:\/\/crmopti.gouv.ml\/index.php?rest_route=\/wp\/v2\/pages\/55\/revisions"}],"predecessor-version":[{"id":2576,"href":"https:\/\/crmopti.gouv.ml\/index.php?rest_route=\/wp\/v2\/pages\/55\/revisions\/2576"}],"up":[{"embeddable":true,"href":"https:\/\/crmopti.gouv.ml\/index.php?rest_route=\/wp\/v2\/pages\/136"}],"wp:attachment":[{"href":"https:\/\/crmopti.gouv.ml\/index.php?rest_route=%2Fwp%2Fv2%2Fmedia&parent=55"}],"curies":[{"name":"wp","href":"https:\/\/api.w.org\/{rel}","templated":true}]}}