{"id":51,"date":"2021-02-13T23:40:48","date_gmt":"2021-02-13T23:40:48","guid":{"rendered":"https:\/\/crmopti.gouv.ml\/?page_id=51"},"modified":"2021-10-04T11:02:06","modified_gmt":"2021-10-04T11:02:06","slug":"presentation","status":"publish","type":"page","link":"https:\/\/crmopti.gouv.ml\/?page_id=51","title":{"rendered":"Pr\u00e9sentation"},"content":{"rendered":"\n<h2 class=\"has-text-align-center has-pale-cyan-blue-background-color has-background wp-block-heading\"><a href=\"https:\/\/crmopti.gouv.ml\/presentation\/mopti\/\">R\u00e9gion de Mopti<\/a><\/h2>\n\n\n\n<h2 class=\"has-text-align-center has-light-green-cyan-background-color has-background wp-block-heading\"><a href=\"https:\/\/crmopti.gouv.ml\/conseil-regional\/\">Conseil R\u00e9gional<\/a><\/h2>\n\n\n\n<h2 class=\"has-text-align-center has-background wp-block-heading\" style=\"background-color:#fa9797\"><a href=\"https:\/\/crmopti.gouv.ml\/mopti\/presentation\/mots-du-president-du-conseil-regional-de-mopti\/\">Mots du pr\u00e9sident<\/a><\/h2>\n\n\n\n<p><\/p>\n","protected":false},"excerpt":{"rendered":"<p>R\u00e9gion de Mopti Conseil R\u00e9gional Mots du pr\u00e9sident<\/p>\n","protected":false},"author":2,"featured_media":0,"parent":136,"menu_order":0,"comment_status":"closed","ping_status":"closed","template":"","meta":{"footnotes":""},"class_list":["post-51","page","type-page","status-publish","hentry"],"_links":{"self":[{"href":"https:\/\/crmopti.gouv.ml\/index.php?rest_route=\/wp\/v2\/pages\/51","targetHints":{"allow":["GET"]}}],"collection":[{"href":"https:\/\/crmopti.gouv.ml\/index.php?rest_route=\/wp\/v2\/pages"}],"about":[{"href":"https:\/\/crmopti.gouv.ml\/index.php?rest_route=\/wp\/v2\/types\/page"}],"author":[{"embeddable":true,"href":"https:\/\/crmopti.gouv.ml\/index.php?rest_route=\/wp\/v2\/users\/2"}],"replies":[{"embeddable":true,"href":"https:\/\/crmopti.gouv.ml\/index.php?rest_route=%2Fwp%2Fv2%2Fcomments&post=51"}],"version-history":[{"count":10,"href":"https:\/\/crmopti.gouv.ml\/index.php?rest_route=\/wp\/v2\/pages\/51\/revisions"}],"predecessor-version":[{"id":710,"href":"https:\/\/crmopti.gouv.ml\/index.php?rest_route=\/wp\/v2\/pages\/51\/revisions\/710"}],"up":[{"embeddable":true,"href":"https:\/\/crmopti.gouv.ml\/index.php?rest_route=\/wp\/v2\/pages\/136"}],"wp:attachment":[{"href":"https:\/\/crmopti.gouv.ml\/index.php?rest_route=%2Fwp%2Fv2%2Fmedia&parent=51"}],"curies":[{"name":"wp","href":"https:\/\/api.w.org\/{rel}","templated":true}]}}