{"id":345,"date":"2021-06-19T01:17:05","date_gmt":"2021-06-19T01:17:05","guid":{"rendered":"https:\/\/crmopti.gouv.ml\/?page_id=345"},"modified":"2025-11-07T20:35:21","modified_gmt":"2025-11-07T20:35:21","slug":"mots-du-president-du-conseil-regional-de-mopti","status":"publish","type":"page","link":"https:\/\/crmopti.gouv.ml\/?page_id=345","title":{"rendered":"Mot du pr\u00e9sident"},"content":{"rendered":"\n<p><h4><em>MOT DU PRESIDENT DU CONSEIL REGIONAL DE MOPTI<\/em><\/h4><\/p>\n\n\n\n<p>Je suis heureux de vous accueillir sur le site internet <em>du Conseil R\u00e9gional de Mopti <\/em> dont la mission essentielle est d\u2019assurer le d\u00e9veloppement \u00e9conomique, social et culturel de la r\u00e9gion.<\/p>\n\n\n\n<p><p align=\"justify\">Le Conseil R\u00e9gional assure aussi la mise en coh\u00e9rence des actions de d\u00e9veloppement sur l\u2019ensemble du territoire de la r\u00e9gion.<\/p><\/p>\n\n\n\n<p><p align=\"justify\">&nbsp;Ce site permet ainsi de faciliter l\u2019acc\u00e8s \u00e0 un grand nombre de personnes\/visiteurs de mieux connaitre &nbsp;les actions pilot\u00e9es par le <em>Conseil R\u00e9gional de Mopti<\/em> et favorise le partage d\u2019un ensemble d\u2019informations &nbsp;utiles dans sa mission de d\u00e9veloppement et de l\u2019am\u00e9nagement du territoire.<\/p><\/p>\n\n\n\n<p><p align=\"justify\">Je remercie les agents du Conseil R\u00e9gional de Mopti et tous ses partenaires qui s\u2019impliquent dans l\u2019animation de ce site pour son bon fonctionnement.<\/p><\/p>\n\n\n\n<p><p align=\"justify\">Quant \u00e0 vous, chers (e) visiteurs ,je vous souhaite encore une fois la bienvenue sur ce site, tout en esp\u00e9rant qu\u2019il vous sera le plus utile possible et nous comptons sur vos observations et vos suggestions pour contribuer \u00e0 son am\u00e9lioration de fa\u00e7on continue.<\/p><\/p>\n\n\n\n<p><strong><em>Abdoulaye Garba MA\u00cfGA<\/em><\/strong><\/p>\n\n\n\n<p><strong><em>Pr\u00e9sident du Conseil R\u00e9gional de Mopti<\/em><\/strong><\/p>\n\n\n\n<ul class=\"wp-block-social-links has-icon-color has-icon-background-color is-layout-flex wp-block-social-links-is-layout-flex\"><\/ul>\n\n\n\n<p>Notre page faceb<a href=\"https:\/\/www.facebook.com\/CRMOPTI\">ook<\/a><\/p>\n","protected":false},"excerpt":{"rendered":"<p>MOT DU PRESIDENT DU CONSEIL REGIONAL DE MOPTI Je suis heureux de vous accueillir sur le site internet du Conseil R\u00e9gional de Mopti dont la mission essentielle est d\u2019assurer le d\u00e9veloppement \u00e9conomique, social et culturel de la r\u00e9gion. Le Conseil R\u00e9gional assure aussi la mise en coh\u00e9rence des actions de&#46;&#46;&#46;<\/p>\n","protected":false},"author":2,"featured_media":0,"parent":51,"menu_order":0,"comment_status":"closed","ping_status":"closed","template":"","meta":{"footnotes":""},"class_list":["post-345","page","type-page","status-publish","hentry"],"_links":{"self":[{"href":"https:\/\/crmopti.gouv.ml\/index.php?rest_route=\/wp\/v2\/pages\/345","targetHints":{"allow":["GET"]}}],"collection":[{"href":"https:\/\/crmopti.gouv.ml\/index.php?rest_route=\/wp\/v2\/pages"}],"about":[{"href":"https:\/\/crmopti.gouv.ml\/index.php?rest_route=\/wp\/v2\/types\/page"}],"author":[{"embeddable":true,"href":"https:\/\/crmopti.gouv.ml\/index.php?rest_route=\/wp\/v2\/users\/2"}],"replies":[{"embeddable":true,"href":"https:\/\/crmopti.gouv.ml\/index.php?rest_route=%2Fwp%2Fv2%2Fcomments&post=345"}],"version-history":[{"count":24,"href":"https:\/\/crmopti.gouv.ml\/index.php?rest_route=\/wp\/v2\/pages\/345\/revisions"}],"predecessor-version":[{"id":2523,"href":"https:\/\/crmopti.gouv.ml\/index.php?rest_route=\/wp\/v2\/pages\/345\/revisions\/2523"}],"up":[{"embeddable":true,"href":"https:\/\/crmopti.gouv.ml\/index.php?rest_route=\/wp\/v2\/pages\/51"}],"wp:attachment":[{"href":"https:\/\/crmopti.gouv.ml\/index.php?rest_route=%2Fwp%2Fv2%2Fmedia&parent=345"}],"curies":[{"name":"wp","href":"https:\/\/api.w.org\/{rel}","templated":true}]}}