{"id":2524,"date":"2025-11-07T20:54:57","date_gmt":"2025-11-07T20:54:57","guid":{"rendered":"https:\/\/crmopti.gouv.ml\/?page_id=2524"},"modified":"2025-11-07T20:54:57","modified_gmt":"2025-11-07T20:54:57","slug":"mot-president","status":"publish","type":"page","link":"https:\/\/crmopti.gouv.ml\/?page_id=2524","title":{"rendered":"Mot Pr\u00e9sident"},"content":{"rendered":"<div style=\"background:#f7f9fc; padding:15px; border-radius:6px; border:1px solid #e1e5eb;\">\n<h4 style=\"text-align:center; margin-top:0;\">\n        <em>MOT DU PRESIDENT DU CONSEIL REGIONAL DE MOPTI<\/em><br \/>\n    <\/h4>\n<p style=\"text-align:justify;\">\n        Je suis heureux de vous accueillir sur le site internet<br \/>\n        <em>du Conseil R\u00e9gional de Mopti<\/em> dont la mission essentielle est<br \/>\n        d\u2019assurer le d\u00e9veloppement \u00e9conomique, social et culturel de la r\u00e9gion.\n    <\/p>\n<p style=\"text-align:justify;\">\n        Le Conseil R\u00e9gional assure aussi la mise en coh\u00e9rence des actions<br \/>\n        de d\u00e9veloppement sur l\u2019ensemble du territoire de la r\u00e9gion.\n    <\/p>\n<p style=\"text-align:justify;\">\n        Ce site permet de faciliter l\u2019acc\u00e8s \u00e0 un grand nombre de personnes et<br \/>\n        de mieux conna\u00eetre les actions pilot\u00e9es par le<br \/>\n        <em>Conseil R\u00e9gional de Mopti<\/em>. Il favorise \u00e9galement le partage<br \/>\n        d\u2019informations utiles dans sa mission de d\u00e9veloppement et<br \/>\n        d\u2019am\u00e9nagement du territoire.\n    <\/p>\n<p style=\"text-align:justify;\">\n        Je remercie les agents du Conseil R\u00e9gional de Mopti et tous ses<br \/>\n        partenaires qui s\u2019impliquent dans l\u2019animation de ce site pour<br \/>\n        son bon fonctionnement.\n    <\/p>\n<p style=\"text-align:justify;\">\n        Quant \u00e0 vous, chers visiteurs, je vous souhaite encore une fois la bienvenue<br \/>\n        sur ce site. J\u2019esp\u00e8re qu\u2019il vous sera utile et nous comptons sur vos<br \/>\n        observations et suggestions pour contribuer \u00e0 son am\u00e9lioration continue.\n    <\/p>\n<p style=\"text-align:center; font-weight:bold; margin-bottom:0;\">\n        <em>Abdoulaye Garba MA\u00cfGA<\/em>\n    <\/p>\n<p style=\"text-align:center; font-weight:bold; margin-top:0;\">\n        <em>Pr\u00e9sident du Conseil R\u00e9gional de Mopti<\/em>\n    <\/p>\n<div style=\"text-align:center; margin-top:15px;\">\n        <a href=\"https:\/\/www.facebook.com\/CRMOPTI\" \n           style=\"display:inline-block; background:#3962e3; color:#fff; padding:8px 12px; border-radius:4px; text-decoration:none;\"><br \/>\n            Notre page Facebook<br \/>\n        <\/a>\n    <\/div>\n<\/div>\n","protected":false},"excerpt":{"rendered":"<p>MOT DU PRESIDENT DU CONSEIL REGIONAL DE MOPTI Je suis heureux de vous accueillir sur le site internet du Conseil R\u00e9gional de Mopti dont la mission essentielle est d\u2019assurer le d\u00e9veloppement \u00e9conomique, social et culturel de la r\u00e9gion. Le Conseil R\u00e9gional assure aussi la mise en coh\u00e9rence des actions de&#46;&#46;&#46;<\/p>\n","protected":false},"author":3,"featured_media":0,"parent":0,"menu_order":0,"comment_status":"closed","ping_status":"closed","template":"","meta":{"footnotes":""},"class_list":["post-2524","page","type-page","status-publish","hentry"],"_links":{"self":[{"href":"https:\/\/crmopti.gouv.ml\/index.php?rest_route=\/wp\/v2\/pages\/2524","targetHints":{"allow":["GET"]}}],"collection":[{"href":"https:\/\/crmopti.gouv.ml\/index.php?rest_route=\/wp\/v2\/pages"}],"about":[{"href":"https:\/\/crmopti.gouv.ml\/index.php?rest_route=\/wp\/v2\/types\/page"}],"author":[{"embeddable":true,"href":"https:\/\/crmopti.gouv.ml\/index.php?rest_route=\/wp\/v2\/users\/3"}],"replies":[{"embeddable":true,"href":"https:\/\/crmopti.gouv.ml\/index.php?rest_route=%2Fwp%2Fv2%2Fcomments&post=2524"}],"version-history":[{"count":1,"href":"https:\/\/crmopti.gouv.ml\/index.php?rest_route=\/wp\/v2\/pages\/2524\/revisions"}],"predecessor-version":[{"id":2526,"href":"https:\/\/crmopti.gouv.ml\/index.php?rest_route=\/wp\/v2\/pages\/2524\/revisions\/2526"}],"wp:attachment":[{"href":"https:\/\/crmopti.gouv.ml\/index.php?rest_route=%2Fwp%2Fv2%2Fmedia&parent=2524"}],"curies":[{"name":"wp","href":"https:\/\/api.w.org\/{rel}","templated":true}]}}