{"id":239,"date":"2021-06-16T11:37:39","date_gmt":"2021-06-16T11:37:39","guid":{"rendered":"https:\/\/crmopti.gouv.ml\/?page_id=239"},"modified":"2022-09-16T17:28:04","modified_gmt":"2022-09-16T17:28:04","slug":"procedures-administratives","status":"publish","type":"page","link":"https:\/\/crmopti.gouv.ml\/?page_id=239","title":{"rendered":"Proc\u00e9dures administratives"},"content":{"rendered":"\r\n<h2 class=\"has-text-align-center has-black-color has-luminous-vivid-amber-background-color has-text-color has-background wp-block-heading\"><strong>CARTE D&rsquo;\u00c9LECTEUR<\/strong><\/h2>\r\n\r\n\r\n\r\n<p><strong>DESCRIPTION<\/strong><\/p>\r\n\r\n\r\n\r\n<p>La d\u00e9livrance de la carte d\u2019\u00e9lecteur\u00a0est r\u00e9glement\u00e9e par les dispositions des articles 59 et 61 de la loi \u00e9lectorale. Aux termes de ces dispositions, il doit \u00eatre remis \u00e0 chaque \u00e9lecteur au plus tard la veille du scrutin, une carte NINA, tenant lieu de carte d\u2019\u00e9lecteur.<br \/><br \/>La carte NINA est personnelle et incessible. Les cartes NINA sont remises \u00e0 leurs titulaires dans les conditions de d\u00e9lai et de proc\u00e9dure d\u00e9termin\u00e9s par le Minist\u00e8re en charge de l\u2019Administration territoriale. Il est \u00e0 noter qu\u2019auparavant les cartes d\u2019\u00e9lecteurs \u00e9taient remises \u00e0 leurs titulaires par des commissions administratives communales, d\u2019ambassade et de consulat.<br \/><br \/>Aux \u00e9lections l\u00e9gislatives et pr\u00e9sidentielles de 2013, elles ont \u00e9t\u00e9 remise par les services de la D\u00e9l\u00e9gation G\u00e9n\u00e9rale aux \u00c9lections et par des \u00e9quipes mises en place \u00e0 cet effet sur d\u00e9cision du ministre charg\u00e9 de l\u2019Administration territoriale.<br \/><br \/>En pratique, l\u2019\u00e9lecteur qui souhaite disposer de la carte d\u2019\u00e9lecteur NINA, doit s\u2019adresser \u00e0 la D\u00e9l\u00e9gation g\u00e9n\u00e9rale aux \u00e9lections.<\/p>\r\n\r\n\r\n\r\n<p><strong>R\u00c9F\u00c9RENCES<\/strong><\/p>\r\n\r\n\r\n\r\n<p>Articles 59 et 61 de la loi \u00e9lectorale<\/p>\r\n\r\n\r\n\r\n<p><strong>SERVICES \u00c0 CONTACTER<\/strong><\/p>\r\n\r\n\r\n\r\n<p>D\u00e9l\u00e9gation G\u00e9n\u00e9rale aux Elections &#8211; DGE<\/p>\r\n\r\n\r\n\r\n<p>Ex. Base A\u00e9rienne Hamdallaye ACI 2000 &#8211; BP E 5386 Bamako Mali<\/p>\r\n\r\n\r\n\r\n<p>Tel:(00223)20 23 99 80<\/p>\r\n\r\n\r\n\r\n<p>Fax (00223)20 23 82 17<a href=\"http:\/\/www.dge2013.ml\/\">http:\/\/www.dge2013.ml\/<\/a><\/p>\r\n<pre><a href=\"https:\/\/www.youtube.com\/watch?v=T-mzy-hZ4vU\">Comment voter<\/a><\/pre>\r\n\r\n\r\n<hr class=\"wp-block-separator\" \/>\r\n\r\n\r\n<h2 class=\"has-text-align-center has-black-color has-luminous-vivid-amber-background-color has-text-color has-background wp-block-heading\"><strong>L\u00c9GALISATION DES ACTES<\/strong><\/h2>\r\n\r\n\r\n\r\n<p><strong>PROC\u00c9DURE ET LIEUX DE D\u00c9LIVRANCE :<\/strong><\/p>\r\n\r\n\r\n\r\n<p><strong><br \/><\/strong>L\u2019usager se pr\u00e9sente au secr\u00e9tariat g\u00e9n\u00e9ral de la mairie de la commune. La secr\u00e9taire proc\u00e8de \u00e0 son enregistrement et le soumet \u00e0 la signature du maire.\u00a0<\/p>\r\n\r\n\r\n\r\n<ul class=\"wp-block-list\">\r\n<li>Par ailleurs, il s\u2019acquitte du paiement de la somme due contre re\u00e7u.\u00a0<\/li>\r\n<li>Le (la) secr\u00e9taire proc\u00e8de \u00e0 son enregistrement et le soumet \u00e0 la signature du maire.<\/li>\r\n<\/ul>\r\n\r\n\r\n\r\n<p><strong>DOCUMENTS \u00c0 FOURNIR :<\/strong><\/p>\r\n\r\n\r\n\r\n<ul class=\"wp-block-list\">\r\n<li>Carte d\u2019identit\u00e9 en cours de validit\u00e9.<\/li>\r\n<li>Texte r\u00e9dig\u00e9 du document.<\/li>\r\n<\/ul>\r\n\r\n\r\n\r\n<p><strong>CO\u00dbT L\u00c9GAL :<\/strong><\/p>\r\n\r\n\r\n\r\n<p>1000\u00a0FCFA\u00a0par\u00a0copie. \u00a0<br \/><br \/><\/p>\r\n\r\n\r\n\r\n<p><strong>D\u00c9LAI D&rsquo;OBTENTION :<\/strong><\/p>\r\n\r\n\r\n\r\n<p>Moins\u00a0de\u00a024\u00a0heures<\/p>\r\n\r\n\r\n\r\n<p><strong>R\u00c9F\u00c9RENCES :<\/strong><\/p>\r\n\r\n\r\n\r\n<p><em>Loi\u00a0 n\u00b064<\/em><em>\u2010<\/em><em>021\/AN<\/em><em>\u2010<\/em><em>RM\u00a0 du\u00a0 15\/07\/64\u00a0 d\u00e9terminant\u00a0 les\u00a0 modalit\u00e9s\u00a0 de\u00a0 l\u00e9galisation\u00a0en\u00a0R\u00e9publique\u00a0du\u00a0Mali<\/em>.<\/p>\r\n\r\n\r\n\r\n<p><strong>SERVICES \u00c0 CONTACTER :<\/strong> Mairie de la commune<\/p>\r\n\r\n\r\n<hr class=\"wp-block-separator\" \/>\r\n\r\n\r\n<h2 class=\"has-text-align-center has-black-color has-luminous-vivid-amber-background-color has-text-color has-background wp-block-heading\">MARIAGE (DEMANDE D&rsquo;EXTRAIT\u00a0D\u2019ACTE\u00a0DE\u00a0MARIAGE)\u00a0<\/h2>\r\n\r\n\r\n\r\n<p><strong>PROC\u00c9DURE ET LIEUX DE D\u00c9LIVRANCE :<\/strong><\/p>\r\n\r\n\r\n\r\n<ul class=\"wp-block-list\">\r\n<li><strong>Le couple se pr\u00e9sente \u00e0 la mairie (maire adjoint charg\u00e9 de l\u2019\u00e9tat civil) qui proc\u00e8de \u00e0 l\u2019enregistrement de la d\u00e9claration.\u00a0<\/strong><\/li>\r\n<li><strong>Le d\u00e9lai l\u00e9gal pour c\u00e9l\u00e9brer le mariage apr\u00e8s d\u00e9claration est de quinze (15) jours francs sauf d\u00e9rogation et\u00a0s\u2019il n\u2019y a pas d\u2019opposition.\u00a0<\/strong><\/li>\r\n<li><strong>Le responsable charg\u00e9 de l\u2019\u00e9tat civil ouvre une enqu\u00eate pour d\u00e9terminer entre autres si :\u00a0<\/strong><\/li>\r\n<\/ul>\r\n\r\n\r\n\r\n<p>\u2010 L \u2019homme est d\u00e9j\u00e0 mari\u00e9, et s\u2019il ne vit pas en r\u00e9gime monogamique avec la premi\u00e8re \u00e9pouse.<br \/>\u2010 La femme n\u2019est pas mari\u00e9e, ou n\u2019est pas pr\u00e9c\u00e9demment fianc\u00e9e.<br \/>\u2010 La femme n\u2019est pas une mineure.<br \/><br \/>Au terme de l\u2019enqu\u00eate, l&rsquo;officier de l&rsquo;\u00e9tat civil confirme la c\u00e9l\u00e9bration du mariage \u00e0 l\u2019\u00e9poux. Le mariage est c\u00e9l\u00e9br\u00e9 par l&rsquo;officier de l&rsquo;\u00e9tat civil (maires ou\u00a0adjoints)\u00a0en pr\u00e9sence des \u00e9poux et des t\u00e9moins.<\/p>\r\n\r\n\r\n\r\n<p><strong>DOCUMENTS \u00c0 FOURNIR :<\/strong><\/p>\r\n\r\n\r\n\r\n<p>&#8211; Extraits d\u2019acte de naissance des futurs \u00e9poux.<br \/>&#8211; Cartes d\u2019identit\u00e9s des futurs \u00e9poux et copies cartes d&rsquo;identit\u00e9 des t\u00e9moins.<\/p>\r\n\r\n\r\n\r\n<p><strong>CO\u00dbT L\u00c9GAL :<\/strong><\/p>\r\n\r\n\r\n\r\n<p><em>Gratuit pour l\u2019extrait de l\u2019acte de mariage (copie : 100 FCFA).<br \/>1000 FCFA pour le livret de famille<\/em><br \/><br \/><em>Dans la pratique, le co\u00fbts diff\u00e8rent selon la commune en fonction des frais fixes et des frais variables fix\u00e9s par d\u00e9lib\u00e9rations des conseils municipaux.\u00a0\u00a0<\/em><\/p>\r\n\r\n\r\n\r\n<p><strong>D\u00c9LAI D&rsquo;OBTENTION :<\/strong><\/p>\r\n\r\n\r\n\r\n<p>L\u2019extrait de l\u2019acte de mariage est d\u00e9livr\u00e9 sur place apr\u00e8s la c\u00e9l\u00e9bration du mariage.<\/p>\r\n\r\n\r\n\r\n<p><strong>R\u00c9F\u00c9RENCES :<\/strong><\/p>\r\n\r\n\r\n\r\n<p>Articles 90 \u00e0 101 de la loi n\u00b006\u2010024 du 28 juin 2006 r\u00e9gissant l\u2019Etat Civil.<br \/>Article 14 et 15 de la loi n\u00b095\u2010034 portant Code des Collectivit\u00e9s Territoriales modifi\u00e9 par la loi 98\u2010010 du 15\/06\/98 et modifi\u00e9 par la loi 98\u2010066 du 30\/12\/98.<\/p>\r\n\r\n\r\n<hr class=\"wp-block-separator\" \/>\r\n\r\n\r\n<h2 class=\"has-text-align-center has-black-color has-luminous-vivid-amber-background-color has-text-color has-background wp-block-heading\">NAISSANCE (DEMANDE D&rsquo;EXTRAIT D&rsquo;ACTE DE NAISSANCE)<\/h2>\r\n\r\n\r\n\r\n<p><strong>PROC\u00c9DURE ET LIEUX DE D\u00c9LIVRANCE :<\/strong><\/p>\r\n\r\n\r\n\r\n<ul class=\"wp-block-list\">\r\n<li>L\u2019h\u00f4pital, la clinique, ou la maternit\u00e9 enregistre la naissance dans un registre d\u2019\u00e9tat Civil et transmet un volet (II) dit de d\u00e9claration de naissance \u00e0 la mairie ou au Centre d\u2019\u00e9tat civil dont il ou elle d\u00e9pend.\u00a0<\/li>\r\n<li>L\u2019h\u00f4pital, la clinique ou la maternit\u00e9 remet \u00e0 l\u2019usager le num\u00e9ro du volet de la d\u00e9claration de naissance qui \u00e0 son tour le pr\u00e9sente \u00e0 la section \u00e9tat civil o\u00f9 le volet de la d\u00e9claration de naissance a \u00e9t\u00e9 transmis.\u00a0<\/li>\r\n<li>L\u2019agent de la section d\u2019\u00e9tat civil proc\u00e8de \u00e0 l\u2019enregistrement des informations contenues dans le volet. Cette op\u00e9ration est appel\u00e9e transcription.<\/li>\r\n<li>L\u2019usager v\u00e9rifie l\u2019exactitude des informations enregistr\u00e9es.\u00a0<\/li>\r\n<li>L\u2019extrait d\u2019acte de naissance, dit volet III, est soumis \u00e0 la signature du maire avant d\u2019\u00eatre remis \u00e0 l\u2019usager qui pourra en faire des copies.\u00a0<\/li>\r\n<li>Les parents ont un d\u00e9lai maximum de 1 mois (30 jours francs)\u00a0pour d\u00e9clarer la naissance de leur enfant. Pass\u00e9 ce d\u00e9lai, il faudra recourir \u00e0 un jugement suppl\u00e9tif.\u00a0<\/li>\r\n<li>L\u2019extrait d\u2019acte de naissance est une formule manuscrite.\u00a0C\u2019est sa copie qui est saisie \u00e0 la machine.<\/li>\r\n<\/ul>\r\n\r\n\r\n\r\n<p><strong>DOCUMENTS \u00c0 FOURNIR :<\/strong><\/p>\r\n\r\n\r\n\r\n<p><br \/>&#8211; Volet de d\u00e9claration de naissance de l\u2019h\u00f4pital, la clinique ou la maternit\u00e9 pour obtenir l\u2019extrait d\u2019acte de naissance.<br \/>&#8211; L\u2019extrait d\u2019acte de naissance dit volet III pour obtenir une ou des copies de l\u2019extrait d\u2019acte de naissance.<\/p>\r\n\r\n\r\n\r\n<p><strong>CO\u00dbT L\u00c9GAL :<\/strong><\/p>\r\n\r\n\r\n\r\n<ul class=\"wp-block-list\">\r\n<li>Gratuit pour l\u2019extrait d\u2019acte de naissance (volet III)<\/li>\r\n<li>100 FCFA pour la copie sur l&rsquo;ensemble du territoire. La copie peut se faire dans n&rsquo;importe quel centre d&rsquo;\u00e9tat civil.<\/li>\r\n<\/ul>\r\n","protected":false},"excerpt":{"rendered":"<p>CARTE D&rsquo;\u00c9LECTEUR DESCRIPTION La d\u00e9livrance de la carte d\u2019\u00e9lecteur\u00a0est r\u00e9glement\u00e9e par les dispositions des articles 59 et 61 de la loi \u00e9lectorale. Aux termes de ces dispositions, il doit \u00eatre remis \u00e0 chaque \u00e9lecteur au plus tard la veille du scrutin, une carte NINA, tenant lieu de carte d\u2019\u00e9lecteur. La&#46;&#46;&#46;<\/p>\n","protected":false},"author":2,"featured_media":0,"parent":143,"menu_order":0,"comment_status":"closed","ping_status":"closed","template":"","meta":{"footnotes":""},"class_list":["post-239","page","type-page","status-publish","hentry"],"_links":{"self":[{"href":"https:\/\/crmopti.gouv.ml\/index.php?rest_route=\/wp\/v2\/pages\/239","targetHints":{"allow":["GET"]}}],"collection":[{"href":"https:\/\/crmopti.gouv.ml\/index.php?rest_route=\/wp\/v2\/pages"}],"about":[{"href":"https:\/\/crmopti.gouv.ml\/index.php?rest_route=\/wp\/v2\/types\/page"}],"author":[{"embeddable":true,"href":"https:\/\/crmopti.gouv.ml\/index.php?rest_route=\/wp\/v2\/users\/2"}],"replies":[{"embeddable":true,"href":"https:\/\/crmopti.gouv.ml\/index.php?rest_route=%2Fwp%2Fv2%2Fcomments&post=239"}],"version-history":[{"count":8,"href":"https:\/\/crmopti.gouv.ml\/index.php?rest_route=\/wp\/v2\/pages\/239\/revisions"}],"predecessor-version":[{"id":1453,"href":"https:\/\/crmopti.gouv.ml\/index.php?rest_route=\/wp\/v2\/pages\/239\/revisions\/1453"}],"up":[{"embeddable":true,"href":"https:\/\/crmopti.gouv.ml\/index.php?rest_route=\/wp\/v2\/pages\/143"}],"wp:attachment":[{"href":"https:\/\/crmopti.gouv.ml\/index.php?rest_route=%2Fwp%2Fv2%2Fmedia&parent=239"}],"curies":[{"name":"wp","href":"https:\/\/api.w.org\/{rel}","templated":true}]}}